{"id":217,"date":"2015-10-16T10:39:34","date_gmt":"2015-10-16T08:39:34","guid":{"rendered":"http:\/\/www.windenergie-politik-gesellschaft.de\/?page_id=217"},"modified":"2025-12-21T10:30:01","modified_gmt":"2025-12-21T09:30:01","slug":"links","status":"publish","type":"page","link":"https:\/\/www.windenergie-politik-gesellschaft.de\/?page_id=217","title":{"rendered":"Links"},"content":{"rendered":"<p><a href=\"http:\/\/windenergie-handbuch.de\/windenergie-handbuch\/\" target=\"_blank\" rel=\"noopener noreferrer\">Windenergie Handbuch (mit FAQ zur Windenergie und Erkl\u00e4rungen zum aktuellen Rechtsrahmen) <\/a><\/p>\n<p><a href=\"https:\/\/handbuch-klimaschutz.de\/\" target=\"_blank\" rel=\"noopener noreferrer\">Alles Wichtige \u00fcber Sektorenkopplung und Klimaschutz in Deutschland <\/a><\/p>\n<p><a href=\"https:\/\/www.fachagentur-wind-solar.de\/\" target=\"_blank\" rel=\"noopener noreferrer\">Fachagentur Wind und Solar (mit einem Rundbrief zu Rechtsfragen und vielen n\u00fctzlichen Fachinformationen)<\/a><\/p>\n<p><a href=\"https:\/\/www.next-kraftwerke.de\/wissen\/\" target=\"_blank\" rel=\"noopener noreferrer\">Next Kraftwerke  Wissen &#8211; Nachschlagewerk mit vielen Details<\/a><\/p>\n<p><a href=\"https:\/\/strom-report.com\/\" rel=\"noopener noreferrer\">Strom Report &#8211; Statistiken und Infografiken (aktuelle Strompreisstatistiken, Strommix, Wind und Solar)<\/a><\/p>\n<p><a href=\"https:\/\/www.agora-energiewende.de\/de\/\" target=\"_blank\" rel=\"noopener noreferrer\">Agora Energiewende<\/a><\/p>\n<p><a href=\"https:\/\/www.netztransparenz.de\/\" target=\"_blank\" rel=\"noopener noreferrer\">Netztransparenz  &#8211; die Informationsplattform der vier deutschen \u00dcbertragungsnetzbetreiber (aktueller Rechtsrahmen, Informationen zum Strommarktdesign)<\/a><\/p>\n<p><a href=\"https:\/\/www.uvp-portal.de\/de\" target=\"_blank\" rel=\"noopener noreferrer\">UVP Portal, hier werden aktuelle Genehmigungsverfahren und Bauleitverfahren ver\u00f6ffentlicht<\/a><\/p>\n<p><a href=\"https:\/\/energy.ec.europa.eu\/index_en?prefLang=de\">Energiepolitik der EU<\/a><\/p>\n<p><a href=\"https:\/\/ec.europa.eu\/eurostat\/web\/energy\/overview\" target=\"_blank\" rel=\"noopener noreferrer\">Eurostat &#8211; Energiestatistiken<\/a><\/p>\n<p><a href=\"https:\/\/www.naturschutz-energiewende.de\/\" target=\"_blank\" rel=\"noopener noreferrer\">KNE &#8211; Kompetenzzentrum Naturschutz und Energiewende (viele aktuelle Informationen und Studien)<\/a><\/p>\n<p><a href=\"https:\/\/www.iwes.fraunhofer.de\/\"_blank\" rel=\"noopener noreferrer\"> Fraunhofer-Institut f\u00fcr Windenergiesysteme IWES<\/a><\/p>\n<p><a href=\"https:\/\/www.greenpeace.de\/themen\/klimakrise\/das-netz-der-windkraftgegner\" target=\"_blank\" rel=\"noopener noreferrer\">Greenpeace Artikel \u00fcber Windkraftgegner<\/a><\/p>\n<p><a href=\"https:\/\/www.bves.de\/\" target=\"_blank\" rel=\"noopener noreferrer\"> Bundesverband Energiespeicher Systeme e.V. (BVES) <\/a><\/p>\n<p><a href=\"https:\/\/www.bee-ev.de\/\" target=\"_blank\" rel=\"noopener noreferrer\"> Bundesverband Erneuerbare Energien e.V. <\/a><\/p>\n","protected":false},"excerpt":{"rendered":"<p>Windenergie Handbuch (mit FAQ zur Windenergie und Erkl\u00e4rungen zum aktuellen Rechtsrahmen) Alles Wichtige \u00fcber Sektorenkopplung und Klimaschutz in Deutschland Fachagentur Wind und Solar (mit einem Rundbrief zu Rechtsfragen und vielen n\u00fctzlichen Fachinformationen) Next Kraftwerke Wissen &#8211; Nachschlagewerk mit vielen Details Strom Report &#8211; Statistiken und Infografiken (aktuelle Strompreisstatistiken, Strommix, Wind und Solar) Agora Energiewende Netztransparenz &#8230; <a title=\"Links\" class=\"read-more\" href=\"https:\/\/www.windenergie-politik-gesellschaft.de\/?page_id=217\" aria-label=\"Mehr Informationen \u00fcber Links\">Weiterlesen<\/a><\/p>\n","protected":false},"author":2,"featured_media":0,"parent":0,"menu_order":0,"comment_status":"closed","ping_status":"closed","template":"","meta":{"jetpack_post_was_ever_published":false,"footnotes":""},"class_list":["post-217","page","type-page","status-publish"],"jetpack_sharing_enabled":true,"jetpack_shortlink":"https:\/\/wp.me\/P6ODB3-3v","jetpack-related-posts":[{"id":405,"url":"https:\/\/www.windenergie-politik-gesellschaft.de\/","url_meta":{"origin":217,"position":0},"title":"Willkommen!","author":"Joern Woehlk","date":"6. Mai 2016","format":false,"excerpt":"Sie finden hier eine Sammlung von Artikeln, Studien, TV Beitr\u00e4ge und Links zum Themenkomplex Windenergie - Politik - Gesellschaft. Windenergie ist die effektivste und kosteng\u00fcnstigste Form der Energiegewinnung und ein wesentlicher Baustein f\u00fcr eine vollst\u00e4ndige Versorgung aus regenerativen Energien. Politiker und direkt betroffene B\u00fcrger wissen oft nicht, wie sie Informationen\u2026","rel":"","context":"\u00c4hnlicher Beitrag","block_context":{"text":"\u00c4hnlicher Beitrag","link":""},"img":{"alt_text":"","src":"","width":0,"height":0},"classes":[]},{"id":90,"url":"https:\/\/www.windenergie-politik-gesellschaft.de\/?page_id=90","url_meta":{"origin":217,"position":1},"title":"Impressum","author":"Joern Woehlk","date":"24. September 2015","format":false,"excerpt":"Angaben gem\u00e4\u00df \u00a7 5 TMG J\u00f6rn W\u00f6hlk Meiereiweg 19 25856 Hattstedt Kontakt:\u00a0 E-Mail: info@joern-woehlk.de Verantwortlich f\u00fcr den Inhalt nach \u00a7 55 Abs. 2 RStV: J\u00f6rn W\u00f6hlk Meiereiweg 19 25856 Hattstedt Haftungsausschluss:\u00a0 Haftung f\u00fcr Inhalte Die Inhalte unserer Seiten wurden mit gr\u00f6\u00dfter Sorgfalt erstellt. F\u00fcr die Richtigkeit, Vollst\u00e4ndigkeit und Aktualit\u00e4t der\u2026","rel":"","context":"\u00c4hnlicher Beitrag","block_context":{"text":"\u00c4hnlicher Beitrag","link":""},"img":{"alt_text":"","src":"","width":0,"height":0},"classes":[]},{"id":398,"url":"https:\/\/www.windenergie-politik-gesellschaft.de\/?page_id=398","url_meta":{"origin":217,"position":2},"title":"Gesetze","author":"Joern Woehlk","date":"5. Mai 2016","format":false,"excerpt":"Das Windfl\u00e4chenbedarfsgesetz WindBG Umfassende Sammlung an Gesetzen von der Clearingstelle EEG 23 Bundeswirtschaftsministerium - Infoportal Energie, Recht und Politik Gesetz zur Umweltvertr\u00e4glichkeitspr\u00fcfung BImSchG Umweltinformationsgesetz Energiewirtschaftsgesetz Anreizregulierungsverordnung Netzausbaubeschleunigungsgesetz Messstellenbetriebsgesetz","rel":"","context":"\u00c4hnlicher Beitrag","block_context":{"text":"\u00c4hnlicher Beitrag","link":""},"img":{"alt_text":"","src":"","width":0,"height":0},"classes":[]},{"id":933,"url":"https:\/\/www.windenergie-politik-gesellschaft.de\/?page_id=933","url_meta":{"origin":217,"position":3},"title":"Datenschutz","author":"Joern Woehlk","date":"30. April 2018","format":false,"excerpt":"Die verantwortliche Stelle f\u00fcr die Datenverarbeitung auf dieser Website ist: W\u00f6hlk-Handelsvertretung J\u00f6rn W\u00f6hlk Meiereiweg 19 25856 Hattstedt Die verantwortliche Stelle entscheidet allein oder gemeinsam mit anderen \u00fcber die Zwecke und Mittel der Verarbeitung von personenbezogenen Daten (z.B. Namen, Kontaktdaten o. \u00c4.). Widerruf Ihrer Einwilligung zur Datenverarbeitung Nur mit Ihrer ausdr\u00fccklichen\u2026","rel":"","context":"\u00c4hnlicher Beitrag","block_context":{"text":"\u00c4hnlicher Beitrag","link":""},"img":{"alt_text":"","src":"","width":0,"height":0},"classes":[]},{"id":1059,"url":"https:\/\/www.windenergie-politik-gesellschaft.de\/?page_id=1059","url_meta":{"origin":217,"position":4},"title":"Windenergie allgemein","author":"Joern Woehlk","date":"10. April 2019","format":false,"excerpt":"","rel":"","context":"\u00c4hnlicher Beitrag","block_context":{"text":"\u00c4hnlicher Beitrag","link":""},"img":{"alt_text":"","src":"","width":0,"height":0},"classes":[]},{"id":1345,"url":"https:\/\/www.windenergie-politik-gesellschaft.de\/?page_id=1345","url_meta":{"origin":217,"position":5},"title":"Client Portal","author":"Joern Woehlk","date":"14. August 2023","format":false,"excerpt":"[jetpackcrm_clientportal]","rel":"","context":"\u00c4hnlicher Beitrag","block_context":{"text":"\u00c4hnlicher Beitrag","link":""},"img":{"alt_text":"","src":"","width":0,"height":0},"classes":[]}],"_links":{"self":[{"href":"https:\/\/www.windenergie-politik-gesellschaft.de\/index.php?rest_route=\/wp\/v2\/pages\/217","targetHints":{"allow":["GET"]}}],"collection":[{"href":"https:\/\/www.windenergie-politik-gesellschaft.de\/index.php?rest_route=\/wp\/v2\/pages"}],"about":[{"href":"https:\/\/www.windenergie-politik-gesellschaft.de\/index.php?rest_route=\/wp\/v2\/types\/page"}],"author":[{"embeddable":true,"href":"https:\/\/www.windenergie-politik-gesellschaft.de\/index.php?rest_route=\/wp\/v2\/users\/2"}],"replies":[{"embeddable":true,"href":"https:\/\/www.windenergie-politik-gesellschaft.de\/index.php?rest_route=%2Fwp%2Fv2%2Fcomments&post=217"}],"version-history":[{"count":31,"href":"https:\/\/www.windenergie-politik-gesellschaft.de\/index.php?rest_route=\/wp\/v2\/pages\/217\/revisions"}],"predecessor-version":[{"id":1455,"href":"https:\/\/www.windenergie-politik-gesellschaft.de\/index.php?rest_route=\/wp\/v2\/pages\/217\/revisions\/1455"}],"wp:attachment":[{"href":"https:\/\/www.windenergie-politik-gesellschaft.de\/index.php?rest_route=%2Fwp%2Fv2%2Fmedia&parent=217"}],"curies":[{"name":"wp","href":"https:\/\/api.w.org\/{rel}","templated":true}]}}